{"id":1497,"date":"2022-08-31T10:50:02","date_gmt":"2022-08-31T13:50:02","guid":{"rendered":"https:\/\/clinicaeze.com.br\/paciente\/?page_id=1497"},"modified":"2022-09-20T16:56:55","modified_gmt":"2022-09-20T19:56:55","slug":"localizacao","status":"publish","type":"page","link":"https:\/\/clinicaeze.com.br\/paciente\/localizacao\/","title":{"rendered":"Localiza\u00e7\u00e3o"},"content":{"rendered":"\t\t<div data-elementor-type=\"wp-page\" data-elementor-id=\"1497\" class=\"elementor elementor-1497\" data-elementor-post-type=\"page\">\n\t\t\t\t\t\t<section class=\"elementor-section elementor-top-section elementor-element elementor-element-84524ce elementor-section-boxed elementor-section-height-default elementor-section-height-default\" data-id=\"84524ce\" data-element_type=\"section\" data-settings=\"{&quot;background_background&quot;:&quot;classic&quot;}\">\n\t\t\t\t\t\t\t<div class=\"elementor-background-overlay\"><\/div>\n\t\t\t\t\t\t\t<div class=\"elementor-container elementor-column-gap-no\">\n\t\t\t\t\t<div class=\"elementor-column elementor-col-100 elementor-top-column elementor-element elementor-element-c4faacf\" data-id=\"c4faacf\" data-element_type=\"column\">\n\t\t\t<div class=\"elementor-widget-wrap elementor-element-populated\">\n\t\t\t\t\t\t\t<\/div>\n\t\t<\/div>\n\t\t\t\t\t<\/div>\n\t\t<\/section>\n\t\t\t\t<section class=\"elementor-section elementor-top-section elementor-element elementor-element-88966fe elementor-section-boxed elementor-section-height-default elementor-section-height-default\" data-id=\"88966fe\" data-element_type=\"section\">\n\t\t\t\t\t\t<div class=\"elementor-container elementor-column-gap-no\">\n\t\t\t\t\t<div class=\"elementor-column elementor-col-100 elementor-top-column elementor-element elementor-element-77dc356\" data-id=\"77dc356\" data-element_type=\"column\">\n\t\t\t<div class=\"elementor-widget-wrap elementor-element-populated\">\n\t\t\t\t\t\t<div class=\"elementor-element elementor-element-76d4c7e elementor-widget elementor-widget-google_maps\" data-id=\"76d4c7e\" data-element_type=\"widget\" data-widget_type=\"google_maps.default\">\n\t\t\t\t<div class=\"elementor-widget-container\">\n\t\t\t\t\t\t\t<div class=\"elementor-custom-embed\">\n\t\t\t<iframe loading=\"lazy\"\n\t\t\t\t\tsrc=\"https:\/\/maps.google.com\/maps?q=R.%20Jo%C3%A3o%20Bim%2C%20793%20-%20Vila%20Tamandare%20Ribeir%C3%A3o%20Preto%20-%20SP%2C%2014085-090&#038;t=m&#038;z=16&#038;output=embed&#038;iwloc=near\"\n\t\t\t\t\ttitle=\"R. Jo\u00e3o Bim, 793 - Vila Tamandare Ribeir\u00e3o Preto - SP, 14085-090\"\n\t\t\t\t\taria-label=\"R. Jo\u00e3o Bim, 793 - Vila Tamandare Ribeir\u00e3o Preto - SP, 14085-090\"\n\t\t\t><\/iframe>\n\t\t<\/div>\n\t\t\t\t\t\t<\/div>\n\t\t\t\t<\/div>\n\t\t\t\t\t<\/div>\n\t\t<\/div>\n\t\t\t\t\t<\/div>\n\t\t<\/section>\n\t\t\t\t<\/div>\n\t\t","protected":false},"excerpt":{"rendered":"","protected":false},"author":1,"featured_media":0,"parent":0,"menu_order":0,"comment_status":"closed","ping_status":"closed","template":"elementor_header_footer","meta":{"footnotes":""},"class_list":["post-1497","page","type-page","status-publish","hentry"],"yoast_head":"<!-- This site is optimized with the Yoast SEO plugin v26.1.1 - https:\/\/yoast.com\/wordpress\/plugins\/seo\/ -->\n<title>Localiza\u00e7\u00e3o - Cl\u00ednica Eze<\/title>\n<meta name=\"robots\" content=\"index, follow, max-snippet:-1, max-image-preview:large, max-video-preview:-1\" \/>\n<link rel=\"canonical\" href=\"https:\/\/clinicaeze.com.br\/paciente\/localizacao\/\" \/>\n<meta property=\"og:locale\" content=\"pt_BR\" \/>\n<meta property=\"og:type\" content=\"article\" \/>\n<meta property=\"og:title\" content=\"Localiza\u00e7\u00e3o - Cl\u00ednica Eze\" \/>\n<meta property=\"og:url\" content=\"https:\/\/clinicaeze.com.br\/paciente\/localizacao\/\" \/>\n<meta property=\"og:site_name\" content=\"Cl\u00ednica Eze\" \/>\n<meta property=\"article:modified_time\" content=\"2022-09-20T19:56:55+00:00\" \/>\n<meta name=\"twitter:card\" content=\"summary_large_image\" \/>\n<meta name=\"twitter:label1\" content=\"Est. tempo de leitura\" \/>\n\t<meta name=\"twitter:data1\" content=\"1 minuto\" \/>\n<script type=\"application\/ld+json\" class=\"yoast-schema-graph\">{\"@context\":\"https:\/\/schema.org\",\"@graph\":[{\"@type\":\"WebPage\",\"@id\":\"https:\/\/clinicaeze.com.br\/paciente\/localizacao\/\",\"url\":\"https:\/\/clinicaeze.com.br\/paciente\/localizacao\/\",\"name\":\"Localiza\u00e7\u00e3o - Cl\u00ednica Eze\",\"isPartOf\":{\"@id\":\"https:\/\/clinicaeze.com.br\/paciente\/#website\"},\"datePublished\":\"2022-08-31T13:50:02+00:00\",\"dateModified\":\"2022-09-20T19:56:55+00:00\",\"breadcrumb\":{\"@id\":\"https:\/\/clinicaeze.com.br\/paciente\/localizacao\/#breadcrumb\"},\"inLanguage\":\"pt-BR\",\"potentialAction\":[{\"@type\":\"ReadAction\",\"target\":[\"https:\/\/clinicaeze.com.br\/paciente\/localizacao\/\"]}]},{\"@type\":\"BreadcrumbList\",\"@id\":\"https:\/\/clinicaeze.com.br\/paciente\/localizacao\/#breadcrumb\",\"itemListElement\":[{\"@type\":\"ListItem\",\"position\":1,\"name\":\"In\u00edcio\",\"item\":\"https:\/\/clinicaeze.com.br\/paciente\/\"},{\"@type\":\"ListItem\",\"position\":2,\"name\":\"Localiza\u00e7\u00e3o\"}]},{\"@type\":\"WebSite\",\"@id\":\"https:\/\/clinicaeze.com.br\/paciente\/#website\",\"url\":\"https:\/\/clinicaeze.com.br\/paciente\/\",\"name\":\"Cl\u00ednica Eze\",\"description\":\"Pacientes\",\"publisher\":{\"@id\":\"https:\/\/clinicaeze.com.br\/paciente\/#organization\"},\"potentialAction\":[{\"@type\":\"SearchAction\",\"target\":{\"@type\":\"EntryPoint\",\"urlTemplate\":\"https:\/\/clinicaeze.com.br\/paciente\/?s={search_term_string}\"},\"query-input\":{\"@type\":\"PropertyValueSpecification\",\"valueRequired\":true,\"valueName\":\"search_term_string\"}}],\"inLanguage\":\"pt-BR\"},{\"@type\":\"Organization\",\"@id\":\"https:\/\/clinicaeze.com.br\/paciente\/#organization\",\"name\":\"Cl\u00ednica Eze\",\"url\":\"https:\/\/clinicaeze.com.br\/paciente\/\",\"logo\":{\"@type\":\"ImageObject\",\"inLanguage\":\"pt-BR\",\"@id\":\"https:\/\/clinicaeze.com.br\/paciente\/#\/schema\/logo\/image\/\",\"url\":\"https:\/\/clinicaeze.com.br\/paciente\/wp-content\/uploads\/2022\/09\/logomarca.png\",\"contentUrl\":\"https:\/\/clinicaeze.com.br\/paciente\/wp-content\/uploads\/2022\/09\/logomarca.png\",\"width\":400,\"height\":219,\"caption\":\"Cl\u00ednica Eze\"},\"image\":{\"@id\":\"https:\/\/clinicaeze.com.br\/paciente\/#\/schema\/logo\/image\/\"}}]}<\/script>\n<!-- \/ Yoast SEO plugin. -->","yoast_head_json":{"title":"Localiza\u00e7\u00e3o - Cl\u00ednica Eze","robots":{"index":"index","follow":"follow","max-snippet":"max-snippet:-1","max-image-preview":"max-image-preview:large","max-video-preview":"max-video-preview:-1"},"canonical":"https:\/\/clinicaeze.com.br\/paciente\/localizacao\/","og_locale":"pt_BR","og_type":"article","og_title":"Localiza\u00e7\u00e3o - Cl\u00ednica Eze","og_url":"https:\/\/clinicaeze.com.br\/paciente\/localizacao\/","og_site_name":"Cl\u00ednica Eze","article_modified_time":"2022-09-20T19:56:55+00:00","twitter_card":"summary_large_image","twitter_misc":{"Est. tempo de leitura":"1 minuto"},"schema":{"@context":"https:\/\/schema.org","@graph":[{"@type":"WebPage","@id":"https:\/\/clinicaeze.com.br\/paciente\/localizacao\/","url":"https:\/\/clinicaeze.com.br\/paciente\/localizacao\/","name":"Localiza\u00e7\u00e3o - Cl\u00ednica Eze","isPartOf":{"@id":"https:\/\/clinicaeze.com.br\/paciente\/#website"},"datePublished":"2022-08-31T13:50:02+00:00","dateModified":"2022-09-20T19:56:55+00:00","breadcrumb":{"@id":"https:\/\/clinicaeze.com.br\/paciente\/localizacao\/#breadcrumb"},"inLanguage":"pt-BR","potentialAction":[{"@type":"ReadAction","target":["https:\/\/clinicaeze.com.br\/paciente\/localizacao\/"]}]},{"@type":"BreadcrumbList","@id":"https:\/\/clinicaeze.com.br\/paciente\/localizacao\/#breadcrumb","itemListElement":[{"@type":"ListItem","position":1,"name":"In\u00edcio","item":"https:\/\/clinicaeze.com.br\/paciente\/"},{"@type":"ListItem","position":2,"name":"Localiza\u00e7\u00e3o"}]},{"@type":"WebSite","@id":"https:\/\/clinicaeze.com.br\/paciente\/#website","url":"https:\/\/clinicaeze.com.br\/paciente\/","name":"Cl\u00ednica Eze","description":"Pacientes","publisher":{"@id":"https:\/\/clinicaeze.com.br\/paciente\/#organization"},"potentialAction":[{"@type":"SearchAction","target":{"@type":"EntryPoint","urlTemplate":"https:\/\/clinicaeze.com.br\/paciente\/?s={search_term_string}"},"query-input":{"@type":"PropertyValueSpecification","valueRequired":true,"valueName":"search_term_string"}}],"inLanguage":"pt-BR"},{"@type":"Organization","@id":"https:\/\/clinicaeze.com.br\/paciente\/#organization","name":"Cl\u00ednica Eze","url":"https:\/\/clinicaeze.com.br\/paciente\/","logo":{"@type":"ImageObject","inLanguage":"pt-BR","@id":"https:\/\/clinicaeze.com.br\/paciente\/#\/schema\/logo\/image\/","url":"https:\/\/clinicaeze.com.br\/paciente\/wp-content\/uploads\/2022\/09\/logomarca.png","contentUrl":"https:\/\/clinicaeze.com.br\/paciente\/wp-content\/uploads\/2022\/09\/logomarca.png","width":400,"height":219,"caption":"Cl\u00ednica Eze"},"image":{"@id":"https:\/\/clinicaeze.com.br\/paciente\/#\/schema\/logo\/image\/"}}]}},"_links":{"self":[{"href":"https:\/\/clinicaeze.com.br\/paciente\/wp-json\/wp\/v2\/pages\/1497","targetHints":{"allow":["GET"]}}],"collection":[{"href":"https:\/\/clinicaeze.com.br\/paciente\/wp-json\/wp\/v2\/pages"}],"about":[{"href":"https:\/\/clinicaeze.com.br\/paciente\/wp-json\/wp\/v2\/types\/page"}],"author":[{"embeddable":true,"href":"https:\/\/clinicaeze.com.br\/paciente\/wp-json\/wp\/v2\/users\/1"}],"replies":[{"embeddable":true,"href":"https:\/\/clinicaeze.com.br\/paciente\/wp-json\/wp\/v2\/comments?post=1497"}],"version-history":[{"count":19,"href":"https:\/\/clinicaeze.com.br\/paciente\/wp-json\/wp\/v2\/pages\/1497\/revisions"}],"predecessor-version":[{"id":2121,"href":"https:\/\/clinicaeze.com.br\/paciente\/wp-json\/wp\/v2\/pages\/1497\/revisions\/2121"}],"wp:attachment":[{"href":"https:\/\/clinicaeze.com.br\/paciente\/wp-json\/wp\/v2\/media?parent=1497"}],"curies":[{"name":"wp","href":"https:\/\/api.w.org\/{rel}","templated":true}]}}