{"id":1587,"date":"2022-08-31T11:52:41","date_gmt":"2022-08-31T14:52:41","guid":{"rendered":"https:\/\/clinicaeze.com.br\/paciente\/?page_id=1587"},"modified":"2022-10-17T06:28:51","modified_gmt":"2022-10-17T09:28:51","slug":"blog","status":"publish","type":"page","link":"https:\/\/clinicaeze.com.br\/paciente\/blog\/","title":{"rendered":"Blog"},"content":{"rendered":"\t\t<div data-elementor-type=\"wp-page\" data-elementor-id=\"1587\" class=\"elementor elementor-1587\" data-elementor-post-type=\"page\">\n\t\t\t\t\t\t<section class=\"elementor-section elementor-top-section elementor-element elementor-element-d650012 elementor-section-boxed elementor-section-height-default elementor-section-height-default\" data-id=\"d650012\" data-element_type=\"section\" data-settings=\"{&quot;background_background&quot;:&quot;classic&quot;}\">\n\t\t\t\t\t\t\t<div class=\"elementor-background-overlay\"><\/div>\n\t\t\t\t\t\t\t<div class=\"elementor-container elementor-column-gap-no\">\n\t\t\t\t\t<div class=\"elementor-column elementor-col-100 elementor-top-column elementor-element elementor-element-27ef331\" data-id=\"27ef331\" data-element_type=\"column\">\n\t\t\t<div class=\"elementor-widget-wrap elementor-element-populated\">\n\t\t\t\t\t\t\t<\/div>\n\t\t<\/div>\n\t\t\t\t\t<\/div>\n\t\t<\/section>\n\t\t\t\t<section class=\"elementor-section elementor-top-section elementor-element elementor-element-392d293 elementor-section-boxed elementor-section-height-default elementor-section-height-default\" data-id=\"392d293\" data-element_type=\"section\">\n\t\t\t\t\t\t<div class=\"elementor-container elementor-column-gap-no\">\n\t\t\t\t\t<div class=\"elementor-column elementor-col-100 elementor-top-column elementor-element elementor-element-ddffdac\" data-id=\"ddffdac\" data-element_type=\"column\">\n\t\t\t<div class=\"elementor-widget-wrap elementor-element-populated\">\n\t\t\t\t\t\t<div class=\"elementor-element elementor-element-fd62ecb elementor-grid-4 elementor-grid-tablet-2 elementor-grid-mobile-1 elementor-posts--thumbnail-top elementor-widget elementor-widget-posts\" data-id=\"fd62ecb\" data-element_type=\"widget\" data-settings=\"{&quot;classic_columns&quot;:&quot;4&quot;,&quot;classic_row_gap&quot;:{&quot;unit&quot;:&quot;px&quot;,&quot;size&quot;:40,&quot;sizes&quot;:[]},&quot;classic_columns_tablet&quot;:&quot;2&quot;,&quot;classic_columns_mobile&quot;:&quot;1&quot;,&quot;classic_row_gap_tablet&quot;:{&quot;unit&quot;:&quot;px&quot;,&quot;size&quot;:&quot;&quot;,&quot;sizes&quot;:[]},&quot;classic_row_gap_mobile&quot;:{&quot;unit&quot;:&quot;px&quot;,&quot;size&quot;:&quot;&quot;,&quot;sizes&quot;:[]}}\" data-widget_type=\"posts.classic\">\n\t\t\t\t<div class=\"elementor-widget-container\">\n\t\t\t\t\t\t\t<div class=\"elementor-posts-container elementor-posts elementor-posts--skin-classic elementor-grid\" role=\"list\">\n\t\t\t\t<article class=\"elementor-post elementor-grid-item post-1170 post type-post status-publish format-standard has-post-thumbnail hentry category-sem-categoria\" role=\"listitem\">\n\t\t\t\t<a class=\"elementor-post__thumbnail__link\" href=\"https:\/\/clinicaeze.com.br\/paciente\/2022\/05\/27\/duvido-que-voce-nao-tenha-ouvido-falar-no-oximetro-mas-voce-sabe-usar\/\" tabindex=\"-1\" >\n\t\t\t<div class=\"elementor-post__thumbnail\"><img fetchpriority=\"high\" decoding=\"async\" width=\"768\" height=\"768\" src=\"https:\/\/clinicaeze.com.br\/paciente\/wp-content\/uploads\/2022\/05\/475294-800-800-768x768.webp\" class=\"attachment-medium_large size-medium_large wp-image-1568\" alt=\"\" srcset=\"https:\/\/clinicaeze.com.br\/paciente\/wp-content\/uploads\/2022\/05\/475294-800-800-768x768.webp 768w, https:\/\/clinicaeze.com.br\/paciente\/wp-content\/uploads\/2022\/05\/475294-800-800-300x300.webp 300w, https:\/\/clinicaeze.com.br\/paciente\/wp-content\/uploads\/2022\/05\/475294-800-800-150x150.webp 150w, https:\/\/clinicaeze.com.br\/paciente\/wp-content\/uploads\/2022\/05\/475294-800-800-600x600.webp 600w, https:\/\/clinicaeze.com.br\/paciente\/wp-content\/uploads\/2022\/05\/475294-800-800-100x100.webp 100w, https:\/\/clinicaeze.com.br\/paciente\/wp-content\/uploads\/2022\/05\/475294-800-800.webp 800w\" sizes=\"(max-width: 768px) 100vw, 768px\" \/><\/div>\n\t\t<\/a>\n\t\t\t\t<div class=\"elementor-post__text\">\n\t\t\t\t<h3 class=\"elementor-post__title\">\n\t\t\t<a href=\"https:\/\/clinicaeze.com.br\/paciente\/2022\/05\/27\/duvido-que-voce-nao-tenha-ouvido-falar-no-oximetro-mas-voce-sabe-usar\/\" >\n\t\t\t\tD\u00favido que voc\u00ea n\u00e3o tenha ouvido falar no ox\u00edmetro, mas voc\u00ea sabe usar\t\t\t<\/a>\n\t\t<\/h3>\n\t\t\t\t<div class=\"elementor-post__meta-data\">\n\t\t\t\t\t<span class=\"elementor-post-date\">\n\t\t\t27\/05\/2022\t\t<\/span>\n\t\t\t\t<\/div>\n\t\t\t\t<div class=\"elementor-post__excerpt\">\n\t\t\t<p>1- O que \u00e9 a satura\u00e7\u00e3o de oxig\u00eanio?\u00c9 uma medida da quantidade de oxig\u00eanio presente no nosso sangue ligado a hemoglobina, ou seja, o que<\/p>\n\t\t<\/div>\n\t\t\n\t\t<a class=\"elementor-post__read-more\" href=\"https:\/\/clinicaeze.com.br\/paciente\/2022\/05\/27\/duvido-que-voce-nao-tenha-ouvido-falar-no-oximetro-mas-voce-sabe-usar\/\" aria-label=\"Leia mais sobre D\u00favido que voc\u00ea n\u00e3o tenha ouvido falar no ox\u00edmetro, mas voc\u00ea sabe usar\" tabindex=\"-1\" >\n\t\t\tLEIA MAIS\t\t<\/a>\n\n\t\t\t\t<\/div>\n\t\t\t\t<\/article>\n\t\t\t\t<article class=\"elementor-post elementor-grid-item post-1169 post type-post status-publish format-standard has-post-thumbnail hentry category-sem-categoria\" role=\"listitem\">\n\t\t\t\t<a class=\"elementor-post__thumbnail__link\" href=\"https:\/\/clinicaeze.com.br\/paciente\/2022\/05\/27\/meu-rx-de-torax-esta-normal-posso-dizer-que-nao-tenho-problemas-pulmonares\/\" tabindex=\"-1\" >\n\t\t\t<div class=\"elementor-post__thumbnail\"><img decoding=\"async\" width=\"768\" height=\"672\" src=\"https:\/\/clinicaeze.com.br\/paciente\/wp-content\/uploads\/2022\/05\/5-768x672.jpg\" class=\"attachment-medium_large size-medium_large wp-image-1570\" alt=\"\" srcset=\"https:\/\/clinicaeze.com.br\/paciente\/wp-content\/uploads\/2022\/05\/5-768x672.jpg 768w, https:\/\/clinicaeze.com.br\/paciente\/wp-content\/uploads\/2022\/05\/5-300x263.jpg 300w, https:\/\/clinicaeze.com.br\/paciente\/wp-content\/uploads\/2022\/05\/5-600x525.jpg 600w, https:\/\/clinicaeze.com.br\/paciente\/wp-content\/uploads\/2022\/05\/5.jpg 800w\" sizes=\"(max-width: 768px) 100vw, 768px\" \/><\/div>\n\t\t<\/a>\n\t\t\t\t<div class=\"elementor-post__text\">\n\t\t\t\t<h3 class=\"elementor-post__title\">\n\t\t\t<a href=\"https:\/\/clinicaeze.com.br\/paciente\/2022\/05\/27\/meu-rx-de-torax-esta-normal-posso-dizer-que-nao-tenho-problemas-pulmonares\/\" >\n\t\t\t\tMeu rx de t\u00f3rax est\u00e1 normal, posso dizer que n\u00e3o tenho problemas pulmonares?\t\t\t<\/a>\n\t\t<\/h3>\n\t\t\t\t<div class=\"elementor-post__meta-data\">\n\t\t\t\t\t<span class=\"elementor-post-date\">\n\t\t\t27\/05\/2022\t\t<\/span>\n\t\t\t\t<\/div>\n\t\t\t\t<div class=\"elementor-post__excerpt\">\n\t\t\t<p>N\u00e3o \u00e9 incomum pacientes procurarem pneumologistas com sintomas persistentes, mas que foram avaliados por uma radiografia de t\u00f3rax e informados de que n\u00e3o havia nada<\/p>\n\t\t<\/div>\n\t\t\n\t\t<a class=\"elementor-post__read-more\" href=\"https:\/\/clinicaeze.com.br\/paciente\/2022\/05\/27\/meu-rx-de-torax-esta-normal-posso-dizer-que-nao-tenho-problemas-pulmonares\/\" aria-label=\"Leia mais sobre Meu rx de t\u00f3rax est\u00e1 normal, posso dizer que n\u00e3o tenho problemas pulmonares?\" tabindex=\"-1\" >\n\t\t\tLEIA MAIS\t\t<\/a>\n\n\t\t\t\t<\/div>\n\t\t\t\t<\/article>\n\t\t\t\t<article class=\"elementor-post elementor-grid-item post-1168 post type-post status-publish format-standard has-post-thumbnail hentry category-sem-categoria\" role=\"listitem\">\n\t\t\t\t<a class=\"elementor-post__thumbnail__link\" href=\"https:\/\/clinicaeze.com.br\/paciente\/2022\/05\/27\/atendimento-domiciliar\/\" tabindex=\"-1\" >\n\t\t\t<div class=\"elementor-post__thumbnail\"><img decoding=\"async\" width=\"768\" height=\"512\" src=\"https:\/\/clinicaeze.com.br\/paciente\/wp-content\/uploads\/2022\/05\/img-header-servicos-domiciliares-scaled-1-768x512.jpg\" class=\"attachment-medium_large size-medium_large wp-image-1573\" alt=\"\" srcset=\"https:\/\/clinicaeze.com.br\/paciente\/wp-content\/uploads\/2022\/05\/img-header-servicos-domiciliares-scaled-1-768x512.jpg 768w, https:\/\/clinicaeze.com.br\/paciente\/wp-content\/uploads\/2022\/05\/img-header-servicos-domiciliares-scaled-1-300x200.jpg 300w, https:\/\/clinicaeze.com.br\/paciente\/wp-content\/uploads\/2022\/05\/img-header-servicos-domiciliares-scaled-1-1024x683.jpg 1024w, https:\/\/clinicaeze.com.br\/paciente\/wp-content\/uploads\/2022\/05\/img-header-servicos-domiciliares-scaled-1-1536x1024.jpg 1536w, https:\/\/clinicaeze.com.br\/paciente\/wp-content\/uploads\/2022\/05\/img-header-servicos-domiciliares-scaled-1-2048x1366.jpg 2048w, https:\/\/clinicaeze.com.br\/paciente\/wp-content\/uploads\/2022\/05\/img-header-servicos-domiciliares-scaled-1-930x620.jpg 930w, https:\/\/clinicaeze.com.br\/paciente\/wp-content\/uploads\/2022\/05\/img-header-servicos-domiciliares-scaled-1-600x400.jpg 600w\" sizes=\"(max-width: 768px) 100vw, 768px\" \/><\/div>\n\t\t<\/a>\n\t\t\t\t<div class=\"elementor-post__text\">\n\t\t\t\t<h3 class=\"elementor-post__title\">\n\t\t\t<a href=\"https:\/\/clinicaeze.com.br\/paciente\/2022\/05\/27\/atendimento-domiciliar\/\" >\n\t\t\t\tAtendimento domiciliar\t\t\t<\/a>\n\t\t<\/h3>\n\t\t\t\t<div class=\"elementor-post__meta-data\">\n\t\t\t\t\t<span class=\"elementor-post-date\">\n\t\t\t27\/05\/2022\t\t<\/span>\n\t\t\t\t<\/div>\n\t\t\t\t<div class=\"elementor-post__excerpt\">\n\t\t\t<p>Sabemos que nem todos os pacientes tem a facilidade de vir at\u00e9 o consult\u00f3rio, seja pela dificuldade da mobilidade, como tamb\u00e9m por doen\u00e7as contagiosas que<\/p>\n\t\t<\/div>\n\t\t\n\t\t<a class=\"elementor-post__read-more\" href=\"https:\/\/clinicaeze.com.br\/paciente\/2022\/05\/27\/atendimento-domiciliar\/\" aria-label=\"Leia mais sobre Atendimento domiciliar\" tabindex=\"-1\" >\n\t\t\tLEIA MAIS\t\t<\/a>\n\n\t\t\t\t<\/div>\n\t\t\t\t<\/article>\n\t\t\t\t<article class=\"elementor-post elementor-grid-item post-1165 post type-post status-publish format-standard has-post-thumbnail hentry category-sem-categoria\" role=\"listitem\">\n\t\t\t\t<a class=\"elementor-post__thumbnail__link\" href=\"https:\/\/clinicaeze.com.br\/paciente\/2022\/05\/27\/o-que-voce-precisa-saber-antes-de-vir-a-consulta\/\" tabindex=\"-1\" >\n\t\t\t<div class=\"elementor-post__thumbnail\"><img loading=\"lazy\" decoding=\"async\" width=\"768\" height=\"512\" src=\"https:\/\/clinicaeze.com.br\/paciente\/wp-content\/uploads\/2022\/05\/109117-aproveite-seu-medico-confira-essas-dicas-para-uma-boa-consulta-medica-768x512.jpg\" class=\"attachment-medium_large size-medium_large wp-image-1576\" alt=\"\" srcset=\"https:\/\/clinicaeze.com.br\/paciente\/wp-content\/uploads\/2022\/05\/109117-aproveite-seu-medico-confira-essas-dicas-para-uma-boa-consulta-medica-768x512.jpg 768w, https:\/\/clinicaeze.com.br\/paciente\/wp-content\/uploads\/2022\/05\/109117-aproveite-seu-medico-confira-essas-dicas-para-uma-boa-consulta-medica-300x200.jpg 300w, https:\/\/clinicaeze.com.br\/paciente\/wp-content\/uploads\/2022\/05\/109117-aproveite-seu-medico-confira-essas-dicas-para-uma-boa-consulta-medica-1024x682.jpg 1024w, https:\/\/clinicaeze.com.br\/paciente\/wp-content\/uploads\/2022\/05\/109117-aproveite-seu-medico-confira-essas-dicas-para-uma-boa-consulta-medica-1536x1024.jpg 1536w, https:\/\/clinicaeze.com.br\/paciente\/wp-content\/uploads\/2022\/05\/109117-aproveite-seu-medico-confira-essas-dicas-para-uma-boa-consulta-medica-930x620.jpg 930w, https:\/\/clinicaeze.com.br\/paciente\/wp-content\/uploads\/2022\/05\/109117-aproveite-seu-medico-confira-essas-dicas-para-uma-boa-consulta-medica-600x400.jpg 600w, https:\/\/clinicaeze.com.br\/paciente\/wp-content\/uploads\/2022\/05\/109117-aproveite-seu-medico-confira-essas-dicas-para-uma-boa-consulta-medica.jpg 2000w\" sizes=\"(max-width: 768px) 100vw, 768px\" \/><\/div>\n\t\t<\/a>\n\t\t\t\t<div class=\"elementor-post__text\">\n\t\t\t\t<h3 class=\"elementor-post__title\">\n\t\t\t<a href=\"https:\/\/clinicaeze.com.br\/paciente\/2022\/05\/27\/o-que-voce-precisa-saber-antes-de-vir-a-consulta\/\" >\n\t\t\t\tO que voc\u00ea precisa saber antes de vir a consulta?\t\t\t<\/a>\n\t\t<\/h3>\n\t\t\t\t<div class=\"elementor-post__meta-data\">\n\t\t\t\t\t<span class=\"elementor-post-date\">\n\t\t\t27\/05\/2022\t\t<\/span>\n\t\t\t\t<\/div>\n\t\t\t\t<div class=\"elementor-post__excerpt\">\n\t\t\t<p>A consulta, algumas vezes, \u00e9 muito esperada pelo paciente. \u00c9 gerada uma grande expectativa para finalmente chegar a um diagn\u00f3stico e uma resolu\u00e7\u00e3o para aquela<\/p>\n\t\t<\/div>\n\t\t\n\t\t<a class=\"elementor-post__read-more\" href=\"https:\/\/clinicaeze.com.br\/paciente\/2022\/05\/27\/o-que-voce-precisa-saber-antes-de-vir-a-consulta\/\" aria-label=\"Leia mais sobre O que voc\u00ea precisa saber antes de vir a consulta?\" tabindex=\"-1\" >\n\t\t\tLEIA MAIS\t\t<\/a>\n\n\t\t\t\t<\/div>\n\t\t\t\t<\/article>\n\t\t\t\t<\/div>\n\t\t\n\t\t\t\t\t\t<\/div>\n\t\t\t\t<\/div>\n\t\t\t\t\t<\/div>\n\t\t<\/div>\n\t\t\t\t\t<\/div>\n\t\t<\/section>\n\t\t\t\t<\/div>\n\t\t","protected":false},"excerpt":{"rendered":"","protected":false},"author":1,"featured_media":0,"parent":0,"menu_order":0,"comment_status":"closed","ping_status":"closed","template":"elementor_header_footer","meta":{"footnotes":""},"class_list":["post-1587","page","type-page","status-publish","hentry"],"yoast_head":"<!-- This site is optimized with the Yoast SEO plugin v26.1.1 - https:\/\/yoast.com\/wordpress\/plugins\/seo\/ -->\n<title>Blog - Cl\u00ednica Eze<\/title>\n<meta name=\"robots\" content=\"index, follow, max-snippet:-1, max-image-preview:large, max-video-preview:-1\" \/>\n<link rel=\"canonical\" href=\"https:\/\/clinicaeze.com.br\/paciente\/blog\/\" \/>\n<meta property=\"og:locale\" content=\"pt_BR\" \/>\n<meta property=\"og:type\" content=\"article\" \/>\n<meta property=\"og:title\" content=\"Blog - Cl\u00ednica Eze\" \/>\n<meta property=\"og:url\" content=\"https:\/\/clinicaeze.com.br\/paciente\/blog\/\" \/>\n<meta property=\"og:site_name\" content=\"Cl\u00ednica Eze\" \/>\n<meta property=\"article:modified_time\" content=\"2022-10-17T09:28:51+00:00\" \/>\n<meta name=\"twitter:card\" content=\"summary_large_image\" \/>\n<meta name=\"twitter:label1\" content=\"Est. tempo de leitura\" \/>\n\t<meta name=\"twitter:data1\" content=\"2 minutos\" \/>\n<script type=\"application\/ld+json\" class=\"yoast-schema-graph\">{\"@context\":\"https:\/\/schema.org\",\"@graph\":[{\"@type\":\"WebPage\",\"@id\":\"https:\/\/clinicaeze.com.br\/paciente\/blog\/\",\"url\":\"https:\/\/clinicaeze.com.br\/paciente\/blog\/\",\"name\":\"Blog - Cl\u00ednica Eze\",\"isPartOf\":{\"@id\":\"https:\/\/clinicaeze.com.br\/paciente\/#website\"},\"datePublished\":\"2022-08-31T14:52:41+00:00\",\"dateModified\":\"2022-10-17T09:28:51+00:00\",\"breadcrumb\":{\"@id\":\"https:\/\/clinicaeze.com.br\/paciente\/blog\/#breadcrumb\"},\"inLanguage\":\"pt-BR\",\"potentialAction\":[{\"@type\":\"ReadAction\",\"target\":[\"https:\/\/clinicaeze.com.br\/paciente\/blog\/\"]}]},{\"@type\":\"BreadcrumbList\",\"@id\":\"https:\/\/clinicaeze.com.br\/paciente\/blog\/#breadcrumb\",\"itemListElement\":[{\"@type\":\"ListItem\",\"position\":1,\"name\":\"In\u00edcio\",\"item\":\"https:\/\/clinicaeze.com.br\/paciente\/\"},{\"@type\":\"ListItem\",\"position\":2,\"name\":\"Blog\"}]},{\"@type\":\"WebSite\",\"@id\":\"https:\/\/clinicaeze.com.br\/paciente\/#website\",\"url\":\"https:\/\/clinicaeze.com.br\/paciente\/\",\"name\":\"Cl\u00ednica Eze\",\"description\":\"Pacientes\",\"publisher\":{\"@id\":\"https:\/\/clinicaeze.com.br\/paciente\/#organization\"},\"potentialAction\":[{\"@type\":\"SearchAction\",\"target\":{\"@type\":\"EntryPoint\",\"urlTemplate\":\"https:\/\/clinicaeze.com.br\/paciente\/?s={search_term_string}\"},\"query-input\":{\"@type\":\"PropertyValueSpecification\",\"valueRequired\":true,\"valueName\":\"search_term_string\"}}],\"inLanguage\":\"pt-BR\"},{\"@type\":\"Organization\",\"@id\":\"https:\/\/clinicaeze.com.br\/paciente\/#organization\",\"name\":\"Cl\u00ednica Eze\",\"url\":\"https:\/\/clinicaeze.com.br\/paciente\/\",\"logo\":{\"@type\":\"ImageObject\",\"inLanguage\":\"pt-BR\",\"@id\":\"https:\/\/clinicaeze.com.br\/paciente\/#\/schema\/logo\/image\/\",\"url\":\"https:\/\/clinicaeze.com.br\/paciente\/wp-content\/uploads\/2022\/09\/logomarca.png\",\"contentUrl\":\"https:\/\/clinicaeze.com.br\/paciente\/wp-content\/uploads\/2022\/09\/logomarca.png\",\"width\":400,\"height\":219,\"caption\":\"Cl\u00ednica Eze\"},\"image\":{\"@id\":\"https:\/\/clinicaeze.com.br\/paciente\/#\/schema\/logo\/image\/\"}}]}<\/script>\n<!-- \/ Yoast SEO plugin. -->","yoast_head_json":{"title":"Blog - Cl\u00ednica Eze","robots":{"index":"index","follow":"follow","max-snippet":"max-snippet:-1","max-image-preview":"max-image-preview:large","max-video-preview":"max-video-preview:-1"},"canonical":"https:\/\/clinicaeze.com.br\/paciente\/blog\/","og_locale":"pt_BR","og_type":"article","og_title":"Blog - Cl\u00ednica Eze","og_url":"https:\/\/clinicaeze.com.br\/paciente\/blog\/","og_site_name":"Cl\u00ednica Eze","article_modified_time":"2022-10-17T09:28:51+00:00","twitter_card":"summary_large_image","twitter_misc":{"Est. tempo de leitura":"2 minutos"},"schema":{"@context":"https:\/\/schema.org","@graph":[{"@type":"WebPage","@id":"https:\/\/clinicaeze.com.br\/paciente\/blog\/","url":"https:\/\/clinicaeze.com.br\/paciente\/blog\/","name":"Blog - Cl\u00ednica Eze","isPartOf":{"@id":"https:\/\/clinicaeze.com.br\/paciente\/#website"},"datePublished":"2022-08-31T14:52:41+00:00","dateModified":"2022-10-17T09:28:51+00:00","breadcrumb":{"@id":"https:\/\/clinicaeze.com.br\/paciente\/blog\/#breadcrumb"},"inLanguage":"pt-BR","potentialAction":[{"@type":"ReadAction","target":["https:\/\/clinicaeze.com.br\/paciente\/blog\/"]}]},{"@type":"BreadcrumbList","@id":"https:\/\/clinicaeze.com.br\/paciente\/blog\/#breadcrumb","itemListElement":[{"@type":"ListItem","position":1,"name":"In\u00edcio","item":"https:\/\/clinicaeze.com.br\/paciente\/"},{"@type":"ListItem","position":2,"name":"Blog"}]},{"@type":"WebSite","@id":"https:\/\/clinicaeze.com.br\/paciente\/#website","url":"https:\/\/clinicaeze.com.br\/paciente\/","name":"Cl\u00ednica Eze","description":"Pacientes","publisher":{"@id":"https:\/\/clinicaeze.com.br\/paciente\/#organization"},"potentialAction":[{"@type":"SearchAction","target":{"@type":"EntryPoint","urlTemplate":"https:\/\/clinicaeze.com.br\/paciente\/?s={search_term_string}"},"query-input":{"@type":"PropertyValueSpecification","valueRequired":true,"valueName":"search_term_string"}}],"inLanguage":"pt-BR"},{"@type":"Organization","@id":"https:\/\/clinicaeze.com.br\/paciente\/#organization","name":"Cl\u00ednica Eze","url":"https:\/\/clinicaeze.com.br\/paciente\/","logo":{"@type":"ImageObject","inLanguage":"pt-BR","@id":"https:\/\/clinicaeze.com.br\/paciente\/#\/schema\/logo\/image\/","url":"https:\/\/clinicaeze.com.br\/paciente\/wp-content\/uploads\/2022\/09\/logomarca.png","contentUrl":"https:\/\/clinicaeze.com.br\/paciente\/wp-content\/uploads\/2022\/09\/logomarca.png","width":400,"height":219,"caption":"Cl\u00ednica Eze"},"image":{"@id":"https:\/\/clinicaeze.com.br\/paciente\/#\/schema\/logo\/image\/"}}]}},"_links":{"self":[{"href":"https:\/\/clinicaeze.com.br\/paciente\/wp-json\/wp\/v2\/pages\/1587","targetHints":{"allow":["GET"]}}],"collection":[{"href":"https:\/\/clinicaeze.com.br\/paciente\/wp-json\/wp\/v2\/pages"}],"about":[{"href":"https:\/\/clinicaeze.com.br\/paciente\/wp-json\/wp\/v2\/types\/page"}],"author":[{"embeddable":true,"href":"https:\/\/clinicaeze.com.br\/paciente\/wp-json\/wp\/v2\/users\/1"}],"replies":[{"embeddable":true,"href":"https:\/\/clinicaeze.com.br\/paciente\/wp-json\/wp\/v2\/comments?post=1587"}],"version-history":[{"count":46,"href":"https:\/\/clinicaeze.com.br\/paciente\/wp-json\/wp\/v2\/pages\/1587\/revisions"}],"predecessor-version":[{"id":2176,"href":"https:\/\/clinicaeze.com.br\/paciente\/wp-json\/wp\/v2\/pages\/1587\/revisions\/2176"}],"wp:attachment":[{"href":"https:\/\/clinicaeze.com.br\/paciente\/wp-json\/wp\/v2\/media?parent=1587"}],"curies":[{"name":"wp","href":"https:\/\/api.w.org\/{rel}","templated":true}]}}