{"id":548,"date":"2022-01-03T14:36:25","date_gmt":"2022-01-03T17:36:25","guid":{"rendered":"http:\/\/danielsoaresdesign.com.br\/alecio\/?page_id=548"},"modified":"2022-09-20T16:55:30","modified_gmt":"2022-09-20T19:55:30","slug":"a-clinica","status":"publish","type":"page","link":"https:\/\/clinicaeze.com.br\/paciente\/a-clinica\/","title":{"rendered":"A Cl\u00ednica"},"content":{"rendered":"\t\t<div data-elementor-type=\"wp-page\" data-elementor-id=\"548\" class=\"elementor elementor-548\" data-elementor-post-type=\"page\">\n\t\t\t\t\t\t<section class=\"elementor-section elementor-top-section elementor-element elementor-element-b7823fd elementor-section-boxed elementor-section-height-default elementor-section-height-default\" data-id=\"b7823fd\" data-element_type=\"section\" data-settings=\"{&quot;background_background&quot;:&quot;classic&quot;}\">\n\t\t\t\t\t\t\t<div class=\"elementor-background-overlay\"><\/div>\n\t\t\t\t\t\t\t<div class=\"elementor-container elementor-column-gap-no\">\n\t\t\t\t\t<div class=\"elementor-column elementor-col-100 elementor-top-column elementor-element elementor-element-4ad2704\" data-id=\"4ad2704\" data-element_type=\"column\">\n\t\t\t<div class=\"elementor-widget-wrap elementor-element-populated\">\n\t\t\t\t\t\t\t<\/div>\n\t\t<\/div>\n\t\t\t\t\t<\/div>\n\t\t<\/section>\n\t\t\t\t<section class=\"elementor-section elementor-top-section elementor-element elementor-element-2493367 elementor-section-boxed elementor-section-height-default elementor-section-height-default\" data-id=\"2493367\" data-element_type=\"section\">\n\t\t\t\t\t\t<div class=\"elementor-container elementor-column-gap-no\">\n\t\t\t\t\t<div class=\"elementor-column elementor-col-100 elementor-top-column elementor-element elementor-element-755260e\" data-id=\"755260e\" data-element_type=\"column\">\n\t\t\t<div class=\"elementor-widget-wrap elementor-element-populated\">\n\t\t\t\t\t\t<div class=\"elementor-element elementor-element-13aa368 elementor-widget elementor-widget-text-editor\" data-id=\"13aa368\" data-element_type=\"widget\" data-widget_type=\"text-editor.default\">\n\t\t\t\t<div class=\"elementor-widget-container\">\n\t\t\t\t\t\t\t\t\t<p>Nossa cl\u00ednica tem atendimento voltado ao bem estar e conforto dos nossos pacientes. Aqui n\u00f3s priorizamos o contato humanizado desde agendamento at\u00e9 a consulta m\u00e9dica. Al\u00e9m disso, temos a preocupa\u00e7\u00e3o em oferecer o que h\u00e1 de mais atualizado em medicina com constantes atualiza\u00e7\u00f5es em cursos e congressos.<\/p><p>N\u00f3s contamos com uma sala de espera climatizada, m\u00fasica ambiente e muito jardim para tornar o seu atendimento ainda mais agrad\u00e1vel.<\/p>\t\t\t\t\t\t\t\t<\/div>\n\t\t\t\t<\/div>\n\t\t\t\t<div class=\"elementor-element elementor-element-2d12b86 elementor-widget elementor-widget-gallery\" data-id=\"2d12b86\" data-element_type=\"widget\" data-settings=\"{&quot;gallery_layout&quot;:&quot;justified&quot;,&quot;gap_mobile&quot;:{&quot;unit&quot;:&quot;px&quot;,&quot;size&quot;:5,&quot;sizes&quot;:[]},&quot;lazyload&quot;:&quot;yes&quot;,&quot;ideal_row_height&quot;:{&quot;unit&quot;:&quot;px&quot;,&quot;size&quot;:200,&quot;sizes&quot;:[]},&quot;ideal_row_height_tablet&quot;:{&quot;unit&quot;:&quot;px&quot;,&quot;size&quot;:150,&quot;sizes&quot;:[]},&quot;ideal_row_height_mobile&quot;:{&quot;unit&quot;:&quot;px&quot;,&quot;size&quot;:150,&quot;sizes&quot;:[]},&quot;gap&quot;:{&quot;unit&quot;:&quot;px&quot;,&quot;size&quot;:10,&quot;sizes&quot;:[]},&quot;gap_tablet&quot;:{&quot;unit&quot;:&quot;px&quot;,&quot;size&quot;:10,&quot;sizes&quot;:[]},&quot;link_to&quot;:&quot;file&quot;,&quot;overlay_background&quot;:&quot;yes&quot;,&quot;content_hover_animation&quot;:&quot;fade-in&quot;}\" data-widget_type=\"gallery.default\">\n\t\t\t\t<div class=\"elementor-widget-container\">\n\t\t\t\t\t\t\t<div class=\"elementor-gallery__container\">\n\t\t\t\t\t\t\t<a class=\"e-gallery-item elementor-gallery-item elementor-animated-content\" href=\"https:\/\/clinicaeze.com.br\/paciente\/wp-content\/uploads\/2022\/08\/7.jpeg\" data-elementor-open-lightbox=\"yes\" data-elementor-lightbox-slideshow=\"2d12b86\" data-e-action-hash=\"#elementor-action%3Aaction%3Dlightbox%26settings%3DeyJpZCI6MTM5MywidXJsIjoiaHR0cHM6XC9cL2NsaW5pY2FlemUuY29tLmJyXC9wYWNpZW50ZVwvd3AtY29udGVudFwvdXBsb2Fkc1wvMjAyMlwvMDhcLzcuanBlZyIsInNsaWRlc2hvdyI6IjJkMTJiODYifQ%3D%3D\">\n\t\t\t\t\t<div class=\"e-gallery-image elementor-gallery-item__image\" data-thumbnail=\"https:\/\/clinicaeze.com.br\/paciente\/wp-content\/uploads\/2022\/08\/7-768x754.jpeg\" data-width=\"768\" data-height=\"754\" aria-label=\"\" role=\"img\" ><\/div>\n\t\t\t\t\t\t\t\t\t\t\t<div class=\"elementor-gallery-item__overlay\"><\/div>\n\t\t\t\t\t\t\t\t\t\t\t\t\t\t<\/a>\n\t\t\t\t\t\t\t<a class=\"e-gallery-item elementor-gallery-item elementor-animated-content\" href=\"https:\/\/clinicaeze.com.br\/paciente\/wp-content\/uploads\/2022\/08\/8.jpeg\" data-elementor-open-lightbox=\"yes\" data-elementor-lightbox-slideshow=\"2d12b86\" data-e-action-hash=\"#elementor-action%3Aaction%3Dlightbox%26settings%3DeyJpZCI6MTM5NCwidXJsIjoiaHR0cHM6XC9cL2NsaW5pY2FlemUuY29tLmJyXC9wYWNpZW50ZVwvd3AtY29udGVudFwvdXBsb2Fkc1wvMjAyMlwvMDhcLzguanBlZyIsInNsaWRlc2hvdyI6IjJkMTJiODYifQ%3D%3D\">\n\t\t\t\t\t<div class=\"e-gallery-image elementor-gallery-item__image\" data-thumbnail=\"https:\/\/clinicaeze.com.br\/paciente\/wp-content\/uploads\/2022\/08\/8.jpeg\" data-width=\"647\" data-height=\"772\" aria-label=\"\" role=\"img\" ><\/div>\n\t\t\t\t\t\t\t\t\t\t\t<div class=\"elementor-gallery-item__overlay\"><\/div>\n\t\t\t\t\t\t\t\t\t\t\t\t\t\t<\/a>\n\t\t\t\t\t\t\t<a class=\"e-gallery-item elementor-gallery-item elementor-animated-content\" href=\"https:\/\/clinicaeze.com.br\/paciente\/wp-content\/uploads\/2022\/08\/9.jpeg\" data-elementor-open-lightbox=\"yes\" data-elementor-lightbox-slideshow=\"2d12b86\" data-e-action-hash=\"#elementor-action%3Aaction%3Dlightbox%26settings%3DeyJpZCI6MTM5NSwidXJsIjoiaHR0cHM6XC9cL2NsaW5pY2FlemUuY29tLmJyXC9wYWNpZW50ZVwvd3AtY29udGVudFwvdXBsb2Fkc1wvMjAyMlwvMDhcLzkuanBlZyIsInNsaWRlc2hvdyI6IjJkMTJiODYifQ%3D%3D\">\n\t\t\t\t\t<div class=\"e-gallery-image elementor-gallery-item__image\" data-thumbnail=\"https:\/\/clinicaeze.com.br\/paciente\/wp-content\/uploads\/2022\/08\/9-768x576.jpeg\" data-width=\"768\" data-height=\"576\" aria-label=\"\" role=\"img\" ><\/div>\n\t\t\t\t\t\t\t\t\t\t\t<div class=\"elementor-gallery-item__overlay\"><\/div>\n\t\t\t\t\t\t\t\t\t\t\t\t\t\t<\/a>\n\t\t\t\t\t\t\t<a class=\"e-gallery-item elementor-gallery-item elementor-animated-content\" href=\"https:\/\/clinicaeze.com.br\/paciente\/wp-content\/uploads\/2022\/08\/10.jpeg\" data-elementor-open-lightbox=\"yes\" data-elementor-lightbox-slideshow=\"2d12b86\" data-e-action-hash=\"#elementor-action%3Aaction%3Dlightbox%26settings%3DeyJpZCI6MTM5NiwidXJsIjoiaHR0cHM6XC9cL2NsaW5pY2FlemUuY29tLmJyXC9wYWNpZW50ZVwvd3AtY29udGVudFwvdXBsb2Fkc1wvMjAyMlwvMDhcLzEwLmpwZWciLCJzbGlkZXNob3ciOiIyZDEyYjg2In0%3D\">\n\t\t\t\t\t<div class=\"e-gallery-image elementor-gallery-item__image\" data-thumbnail=\"https:\/\/clinicaeze.com.br\/paciente\/wp-content\/uploads\/2022\/08\/10-768x654.jpeg\" data-width=\"768\" data-height=\"654\" aria-label=\"\" role=\"img\" ><\/div>\n\t\t\t\t\t\t\t\t\t\t\t<div class=\"elementor-gallery-item__overlay\"><\/div>\n\t\t\t\t\t\t\t\t\t\t\t\t\t\t<\/a>\n\t\t\t\t\t\t\t<a class=\"e-gallery-item elementor-gallery-item elementor-animated-content\" href=\"https:\/\/clinicaeze.com.br\/paciente\/wp-content\/uploads\/2022\/08\/11.jpeg\" data-elementor-open-lightbox=\"yes\" data-elementor-lightbox-slideshow=\"2d12b86\" data-e-action-hash=\"#elementor-action%3Aaction%3Dlightbox%26settings%3DeyJpZCI6MTM5NywidXJsIjoiaHR0cHM6XC9cL2NsaW5pY2FlemUuY29tLmJyXC9wYWNpZW50ZVwvd3AtY29udGVudFwvdXBsb2Fkc1wvMjAyMlwvMDhcLzExLmpwZWciLCJzbGlkZXNob3ciOiIyZDEyYjg2In0%3D\">\n\t\t\t\t\t<div class=\"e-gallery-image elementor-gallery-item__image\" data-thumbnail=\"https:\/\/clinicaeze.com.br\/paciente\/wp-content\/uploads\/2022\/08\/11-768x728.jpeg\" data-width=\"768\" data-height=\"728\" aria-label=\"\" role=\"img\" ><\/div>\n\t\t\t\t\t\t\t\t\t\t\t<div class=\"elementor-gallery-item__overlay\"><\/div>\n\t\t\t\t\t\t\t\t\t\t\t\t\t\t<\/a>\n\t\t\t\t\t\t\t<a class=\"e-gallery-item elementor-gallery-item elementor-animated-content\" href=\"https:\/\/clinicaeze.com.br\/paciente\/wp-content\/uploads\/2022\/08\/3.jpeg\" data-elementor-open-lightbox=\"yes\" data-elementor-lightbox-slideshow=\"2d12b86\" data-e-action-hash=\"#elementor-action%3Aaction%3Dlightbox%26settings%3DeyJpZCI6MTQwOCwidXJsIjoiaHR0cHM6XC9cL2NsaW5pY2FlemUuY29tLmJyXC9wYWNpZW50ZVwvd3AtY29udGVudFwvdXBsb2Fkc1wvMjAyMlwvMDhcLzMuanBlZyIsInNsaWRlc2hvdyI6IjJkMTJiODYifQ%3D%3D\">\n\t\t\t\t\t<div class=\"e-gallery-image elementor-gallery-item__image\" data-thumbnail=\"https:\/\/clinicaeze.com.br\/paciente\/wp-content\/uploads\/2022\/08\/3.jpeg\" data-width=\"545\" data-height=\"772\" aria-label=\"\" role=\"img\" ><\/div>\n\t\t\t\t\t\t\t\t\t\t\t<div class=\"elementor-gallery-item__overlay\"><\/div>\n\t\t\t\t\t\t\t\t\t\t\t\t\t\t<\/a>\n\t\t\t\t\t\t\t<a class=\"e-gallery-item elementor-gallery-item elementor-animated-content\" href=\"https:\/\/clinicaeze.com.br\/paciente\/wp-content\/uploads\/2022\/08\/4.jpg\" data-elementor-open-lightbox=\"yes\" data-elementor-lightbox-slideshow=\"2d12b86\" data-e-action-hash=\"#elementor-action%3Aaction%3Dlightbox%26settings%3DeyJpZCI6MTQwOSwidXJsIjoiaHR0cHM6XC9cL2NsaW5pY2FlemUuY29tLmJyXC9wYWNpZW50ZVwvd3AtY29udGVudFwvdXBsb2Fkc1wvMjAyMlwvMDhcLzQuanBnIiwic2xpZGVzaG93IjoiMmQxMmI4NiJ9\">\n\t\t\t\t\t<div class=\"e-gallery-image elementor-gallery-item__image\" data-thumbnail=\"https:\/\/clinicaeze.com.br\/paciente\/wp-content\/uploads\/2022\/08\/4-768x347.jpg\" data-width=\"768\" data-height=\"347\" aria-label=\"\" role=\"img\" ><\/div>\n\t\t\t\t\t\t\t\t\t\t\t<div class=\"elementor-gallery-item__overlay\"><\/div>\n\t\t\t\t\t\t\t\t\t\t\t\t\t\t<\/a>\n\t\t\t\t\t\t\t<a class=\"e-gallery-item elementor-gallery-item elementor-animated-content\" href=\"https:\/\/clinicaeze.com.br\/paciente\/wp-content\/uploads\/2022\/08\/5.jpeg\" data-elementor-open-lightbox=\"yes\" data-elementor-lightbox-slideshow=\"2d12b86\" data-e-action-hash=\"#elementor-action%3Aaction%3Dlightbox%26settings%3DeyJpZCI6MTQxMCwidXJsIjoiaHR0cHM6XC9cL2NsaW5pY2FlemUuY29tLmJyXC9wYWNpZW50ZVwvd3AtY29udGVudFwvdXBsb2Fkc1wvMjAyMlwvMDhcLzUuanBlZyIsInNsaWRlc2hvdyI6IjJkMTJiODYifQ%3D%3D\">\n\t\t\t\t\t<div class=\"e-gallery-image elementor-gallery-item__image\" data-thumbnail=\"https:\/\/clinicaeze.com.br\/paciente\/wp-content\/uploads\/2022\/08\/5-768x657.jpeg\" data-width=\"768\" data-height=\"657\" aria-label=\"\" role=\"img\" ><\/div>\n\t\t\t\t\t\t\t\t\t\t\t<div class=\"elementor-gallery-item__overlay\"><\/div>\n\t\t\t\t\t\t\t\t\t\t\t\t\t\t<\/a>\n\t\t\t\t\t<\/div>\n\t\t\t\t\t<\/div>\n\t\t\t\t<\/div>\n\t\t\t\t\t<\/div>\n\t\t<\/div>\n\t\t\t\t\t<\/div>\n\t\t<\/section>\n\t\t\t\t<\/div>\n\t\t","protected":false},"excerpt":{"rendered":"<p>Nossa cl\u00ednica tem atendimento voltado ao bem estar e conforto dos nossos pacientes. Aqui n\u00f3s priorizamos o contato humanizado desde agendamento at\u00e9 a consulta m\u00e9dica. Al\u00e9m disso, temos a preocupa\u00e7\u00e3o em oferecer o que h\u00e1 de mais atualizado em medicina com constantes atualiza\u00e7\u00f5es em cursos e congressos. N\u00f3s contamos com uma sala de espera climatizada, [&hellip;]<\/p>\n","protected":false},"author":1,"featured_media":0,"parent":0,"menu_order":0,"comment_status":"closed","ping_status":"closed","template":"elementor_header_footer","meta":{"footnotes":""},"class_list":["post-548","page","type-page","status-publish","hentry"],"yoast_head":"<!-- This site is optimized with the Yoast SEO plugin v26.1.1 - https:\/\/yoast.com\/wordpress\/plugins\/seo\/ -->\n<title>A Cl\u00ednica - Cl\u00ednica Eze<\/title>\n<meta name=\"robots\" content=\"index, follow, max-snippet:-1, max-image-preview:large, max-video-preview:-1\" \/>\n<link rel=\"canonical\" href=\"https:\/\/clinicaeze.com.br\/paciente\/a-clinica\/\" \/>\n<meta property=\"og:locale\" content=\"pt_BR\" \/>\n<meta property=\"og:type\" content=\"article\" \/>\n<meta property=\"og:title\" content=\"A Cl\u00ednica - Cl\u00ednica Eze\" \/>\n<meta property=\"og:description\" content=\"Nossa cl\u00ednica tem atendimento voltado ao bem estar e conforto dos nossos pacientes. Aqui n\u00f3s priorizamos o contato humanizado desde agendamento at\u00e9 a consulta m\u00e9dica. Al\u00e9m disso, temos a preocupa\u00e7\u00e3o em oferecer o que h\u00e1 de mais atualizado em medicina com constantes atualiza\u00e7\u00f5es em cursos e congressos. N\u00f3s contamos com uma sala de espera climatizada, [&hellip;]\" \/>\n<meta property=\"og:url\" content=\"https:\/\/clinicaeze.com.br\/paciente\/a-clinica\/\" \/>\n<meta property=\"og:site_name\" content=\"Cl\u00ednica Eze\" \/>\n<meta property=\"article:modified_time\" content=\"2022-09-20T19:55:30+00:00\" \/>\n<meta name=\"twitter:card\" content=\"summary_large_image\" \/>\n<meta name=\"twitter:label1\" content=\"Est. tempo de leitura\" \/>\n\t<meta name=\"twitter:data1\" content=\"1 minuto\" \/>\n<script type=\"application\/ld+json\" class=\"yoast-schema-graph\">{\"@context\":\"https:\/\/schema.org\",\"@graph\":[{\"@type\":\"WebPage\",\"@id\":\"https:\/\/clinicaeze.com.br\/paciente\/a-clinica\/\",\"url\":\"https:\/\/clinicaeze.com.br\/paciente\/a-clinica\/\",\"name\":\"A Cl\u00ednica - Cl\u00ednica Eze\",\"isPartOf\":{\"@id\":\"https:\/\/clinicaeze.com.br\/paciente\/#website\"},\"datePublished\":\"2022-01-03T17:36:25+00:00\",\"dateModified\":\"2022-09-20T19:55:30+00:00\",\"breadcrumb\":{\"@id\":\"https:\/\/clinicaeze.com.br\/paciente\/a-clinica\/#breadcrumb\"},\"inLanguage\":\"pt-BR\",\"potentialAction\":[{\"@type\":\"ReadAction\",\"target\":[\"https:\/\/clinicaeze.com.br\/paciente\/a-clinica\/\"]}]},{\"@type\":\"BreadcrumbList\",\"@id\":\"https:\/\/clinicaeze.com.br\/paciente\/a-clinica\/#breadcrumb\",\"itemListElement\":[{\"@type\":\"ListItem\",\"position\":1,\"name\":\"In\u00edcio\",\"item\":\"https:\/\/clinicaeze.com.br\/paciente\/\"},{\"@type\":\"ListItem\",\"position\":2,\"name\":\"A Cl\u00ednica\"}]},{\"@type\":\"WebSite\",\"@id\":\"https:\/\/clinicaeze.com.br\/paciente\/#website\",\"url\":\"https:\/\/clinicaeze.com.br\/paciente\/\",\"name\":\"Cl\u00ednica Eze\",\"description\":\"Pacientes\",\"publisher\":{\"@id\":\"https:\/\/clinicaeze.com.br\/paciente\/#organization\"},\"potentialAction\":[{\"@type\":\"SearchAction\",\"target\":{\"@type\":\"EntryPoint\",\"urlTemplate\":\"https:\/\/clinicaeze.com.br\/paciente\/?s={search_term_string}\"},\"query-input\":{\"@type\":\"PropertyValueSpecification\",\"valueRequired\":true,\"valueName\":\"search_term_string\"}}],\"inLanguage\":\"pt-BR\"},{\"@type\":\"Organization\",\"@id\":\"https:\/\/clinicaeze.com.br\/paciente\/#organization\",\"name\":\"Cl\u00ednica Eze\",\"url\":\"https:\/\/clinicaeze.com.br\/paciente\/\",\"logo\":{\"@type\":\"ImageObject\",\"inLanguage\":\"pt-BR\",\"@id\":\"https:\/\/clinicaeze.com.br\/paciente\/#\/schema\/logo\/image\/\",\"url\":\"https:\/\/clinicaeze.com.br\/paciente\/wp-content\/uploads\/2022\/09\/logomarca.png\",\"contentUrl\":\"https:\/\/clinicaeze.com.br\/paciente\/wp-content\/uploads\/2022\/09\/logomarca.png\",\"width\":400,\"height\":219,\"caption\":\"Cl\u00ednica Eze\"},\"image\":{\"@id\":\"https:\/\/clinicaeze.com.br\/paciente\/#\/schema\/logo\/image\/\"}}]}<\/script>\n<!-- \/ Yoast SEO plugin. -->","yoast_head_json":{"title":"A Cl\u00ednica - Cl\u00ednica Eze","robots":{"index":"index","follow":"follow","max-snippet":"max-snippet:-1","max-image-preview":"max-image-preview:large","max-video-preview":"max-video-preview:-1"},"canonical":"https:\/\/clinicaeze.com.br\/paciente\/a-clinica\/","og_locale":"pt_BR","og_type":"article","og_title":"A Cl\u00ednica - Cl\u00ednica Eze","og_description":"Nossa cl\u00ednica tem atendimento voltado ao bem estar e conforto dos nossos pacientes. Aqui n\u00f3s priorizamos o contato humanizado desde agendamento at\u00e9 a consulta m\u00e9dica. Al\u00e9m disso, temos a preocupa\u00e7\u00e3o em oferecer o que h\u00e1 de mais atualizado em medicina com constantes atualiza\u00e7\u00f5es em cursos e congressos. N\u00f3s contamos com uma sala de espera climatizada, [&hellip;]","og_url":"https:\/\/clinicaeze.com.br\/paciente\/a-clinica\/","og_site_name":"Cl\u00ednica Eze","article_modified_time":"2022-09-20T19:55:30+00:00","twitter_card":"summary_large_image","twitter_misc":{"Est. tempo de leitura":"1 minuto"},"schema":{"@context":"https:\/\/schema.org","@graph":[{"@type":"WebPage","@id":"https:\/\/clinicaeze.com.br\/paciente\/a-clinica\/","url":"https:\/\/clinicaeze.com.br\/paciente\/a-clinica\/","name":"A Cl\u00ednica - Cl\u00ednica Eze","isPartOf":{"@id":"https:\/\/clinicaeze.com.br\/paciente\/#website"},"datePublished":"2022-01-03T17:36:25+00:00","dateModified":"2022-09-20T19:55:30+00:00","breadcrumb":{"@id":"https:\/\/clinicaeze.com.br\/paciente\/a-clinica\/#breadcrumb"},"inLanguage":"pt-BR","potentialAction":[{"@type":"ReadAction","target":["https:\/\/clinicaeze.com.br\/paciente\/a-clinica\/"]}]},{"@type":"BreadcrumbList","@id":"https:\/\/clinicaeze.com.br\/paciente\/a-clinica\/#breadcrumb","itemListElement":[{"@type":"ListItem","position":1,"name":"In\u00edcio","item":"https:\/\/clinicaeze.com.br\/paciente\/"},{"@type":"ListItem","position":2,"name":"A Cl\u00ednica"}]},{"@type":"WebSite","@id":"https:\/\/clinicaeze.com.br\/paciente\/#website","url":"https:\/\/clinicaeze.com.br\/paciente\/","name":"Cl\u00ednica Eze","description":"Pacientes","publisher":{"@id":"https:\/\/clinicaeze.com.br\/paciente\/#organization"},"potentialAction":[{"@type":"SearchAction","target":{"@type":"EntryPoint","urlTemplate":"https:\/\/clinicaeze.com.br\/paciente\/?s={search_term_string}"},"query-input":{"@type":"PropertyValueSpecification","valueRequired":true,"valueName":"search_term_string"}}],"inLanguage":"pt-BR"},{"@type":"Organization","@id":"https:\/\/clinicaeze.com.br\/paciente\/#organization","name":"Cl\u00ednica Eze","url":"https:\/\/clinicaeze.com.br\/paciente\/","logo":{"@type":"ImageObject","inLanguage":"pt-BR","@id":"https:\/\/clinicaeze.com.br\/paciente\/#\/schema\/logo\/image\/","url":"https:\/\/clinicaeze.com.br\/paciente\/wp-content\/uploads\/2022\/09\/logomarca.png","contentUrl":"https:\/\/clinicaeze.com.br\/paciente\/wp-content\/uploads\/2022\/09\/logomarca.png","width":400,"height":219,"caption":"Cl\u00ednica Eze"},"image":{"@id":"https:\/\/clinicaeze.com.br\/paciente\/#\/schema\/logo\/image\/"}}]}},"_links":{"self":[{"href":"https:\/\/clinicaeze.com.br\/paciente\/wp-json\/wp\/v2\/pages\/548","targetHints":{"allow":["GET"]}}],"collection":[{"href":"https:\/\/clinicaeze.com.br\/paciente\/wp-json\/wp\/v2\/pages"}],"about":[{"href":"https:\/\/clinicaeze.com.br\/paciente\/wp-json\/wp\/v2\/types\/page"}],"author":[{"embeddable":true,"href":"https:\/\/clinicaeze.com.br\/paciente\/wp-json\/wp\/v2\/users\/1"}],"replies":[{"embeddable":true,"href":"https:\/\/clinicaeze.com.br\/paciente\/wp-json\/wp\/v2\/comments?post=548"}],"version-history":[{"count":63,"href":"https:\/\/clinicaeze.com.br\/paciente\/wp-json\/wp\/v2\/pages\/548\/revisions"}],"predecessor-version":[{"id":2118,"href":"https:\/\/clinicaeze.com.br\/paciente\/wp-json\/wp\/v2\/pages\/548\/revisions\/2118"}],"wp:attachment":[{"href":"https:\/\/clinicaeze.com.br\/paciente\/wp-json\/wp\/v2\/media?parent=548"}],"curies":[{"name":"wp","href":"https:\/\/api.w.org\/{rel}","templated":true}]}}